{"id":2,"date":"2010-05-10T21:17:21","date_gmt":"2010-05-10T21:17:21","guid":{"rendered":"http:\/\/ayhanarda.com\/blog\/?page_id=2"},"modified":"2025-05-30T13:37:47","modified_gmt":"2025-05-30T11:37:47","slug":"hakkinda","status":"publish","type":"page","link":"https:\/\/www.ayhanarda.com\/blog\/hakkinda\/","title":{"rendered":"Hakk\u0131mda"},"content":{"rendered":"<p>Merhaba;<\/p>\n<p>1983 Edirne do\u011fumluyum. 2002 de \u00dcniversite i\u00e7in geldi\u011fim \u0130stanbul&#8217;da yerle\u015fik d\u00fczene ge\u00e7ip 2006 y\u0131l\u0131nda da hosting sekt\u00f6r\u00fcnde en alt kademeden \u00e7al\u0131\u015fmaya ba\u015flad\u0131m,.<\/p>\n<p>Bir \u00e7ok yerli yabanc\u0131 firmada g\u00f6rev ald\u0131ktan sonra 8 y\u0131l\u0131m\u0131 Natro.com&#8217;da Technology &amp; Infrastructure departman\u0131nda Expert pozisyonunda ge\u00e7irdim, sonras\u0131nda ise 2022 itibari ile Denizbank i\u015ftiraki Intertech&#8217;te Big Data Y\u00f6netimi Ekibinde Mimar Sistem M\u00fchendisi olarak g\u00f6rev almaktay\u0131m.<\/p>\n<p>Bu s\u00fcre\u00e7ler \u00f6ncesinde Microsoft, Cisco, CEH, CISSP gibi e\u011fitimler ald\u0131m.<\/p>\n<p><a href=\"https:\/\/www.instagram.com\/ayhanarda\/\">Instagram Ayhan ARDA<\/a><br \/>\n<a href=\"https:\/\/tr.linkedin.com\/in\/ayhanarda\">linked in Ayhan ARDA<\/a><\/p>\n<p>https:\/\/www.hostrazzi.com<\/p>\n<p>Ayhan ARDA<\/p>\n<div style=\"padding-bottom:20px; padding-top:10px;\" class=\"hupso-share-buttons\"><!-- Hupso Share Buttons - https:\/\/www.hupso.com\/share\/ --><a class=\"hupso_toolbar\" href=\"https:\/\/www.hupso.com\/share\/\"><img decoding=\"async\" src=\"https:\/\/static.hupso.com\/share\/buttons\/lang\/tr\/share-medium.png\" style=\"border:0px; padding-top: 5px; float:left;\" alt=\"Share Button\"\/><\/a><script type=\"text\/javascript\">var hupso_services_t=new Array(\"Twitter\",\"Facebook\",\"Google Plus\",\"Pinterest\",\"Linkedin\");var hupso_background_t=\"#EAF4FF\";var hupso_border_t=\"#66CCFF\";var hupso_toolbar_size_t=\"medium\";var hupso_image_folder_url = \"\";var hupso_twitter_via=\"ayhanarda\";var hupso_url_t=\"\";var hupso_title_t=\"Hakk%C4%B1mda\";<\/script><script type=\"text\/javascript\" src=\"https:\/\/static.hupso.com\/share\/js\/share_toolbar.js\"><\/script><!-- Hupso Share Buttons --><\/div>","protected":false},"excerpt":{"rendered":"Merhaba; 1983 Edirne do\u011fumluyum. 2002 de \u00dcniversite i\u00e7in geldi\u011fim \u0130stanbul&#8217;da yerle\u015fik d\u00fczene ge\u00e7ip 2006 y\u0131l\u0131nda da hosting sekt\u00f6r\u00fcnde en alt kademeden \u00e7al\u0131\u015fmaya ba\u015flad\u0131m,. Bir \u00e7ok yerli yabanc\u0131 firmada g\u00f6rev ald\u0131ktan sonra 8 y\u0131l\u0131m\u0131 Natro.com&#8217;da Technology &amp; Infrastructure departman\u0131nda Expert pozisyonunda ge\u00e7irdim, sonras\u0131nda ise 2022 itibari ile Denizbank i\u015ftiraki Intertech&#8217;te Big Data Y\u00f6netimi Ekibinde Mimar Sistem [&hellip;]","protected":false},"author":1,"featured_media":0,"parent":0,"menu_order":0,"comment_status":"open","ping_status":"open","template":"","meta":{"_coblocks_attr":"","_coblocks_dimensions":"","_coblocks_responsive_height":"","_coblocks_accordion_ie_support":"","footnotes":""},"class_list":["post-2","page","type-page","status-publish","hentry"],"_links":{"self":[{"href":"https:\/\/www.ayhanarda.com\/blog\/wp-json\/wp\/v2\/pages\/2","targetHints":{"allow":["GET"]}}],"collection":[{"href":"https:\/\/www.ayhanarda.com\/blog\/wp-json\/wp\/v2\/pages"}],"about":[{"href":"https:\/\/www.ayhanarda.com\/blog\/wp-json\/wp\/v2\/types\/page"}],"author":[{"embeddable":true,"href":"https:\/\/www.ayhanarda.com\/blog\/wp-json\/wp\/v2\/users\/1"}],"replies":[{"embeddable":true,"href":"https:\/\/www.ayhanarda.com\/blog\/wp-json\/wp\/v2\/comments?post=2"}],"version-history":[{"count":23,"href":"https:\/\/www.ayhanarda.com\/blog\/wp-json\/wp\/v2\/pages\/2\/revisions"}],"predecessor-version":[{"id":1603,"href":"https:\/\/www.ayhanarda.com\/blog\/wp-json\/wp\/v2\/pages\/2\/revisions\/1603"}],"wp:attachment":[{"href":"https:\/\/www.ayhanarda.com\/blog\/wp-json\/wp\/v2\/media?parent=2"}],"curies":[{"name":"wp","href":"https:\/\/api.w.org\/{rel}","templated":true}]}}